{"id":1065,"date":"2023-01-30T12:12:10","date_gmt":"2023-01-30T11:12:10","guid":{"rendered":"https:\/\/www.nizatour.es\/pagos\/"},"modified":"2023-04-13T11:28:16","modified_gmt":"2023-04-13T09:28:16","slug":"pagaments","status":"publish","type":"page","link":"https:\/\/www.nizatour.es\/ca\/pagaments\/","title":{"rendered":"Pagaments"},"content":{"rendered":"\t\t<div data-elementor-type=\"wp-page\" data-elementor-id=\"1065\" class=\"elementor elementor-1065 elementor-529\" data-elementor-post-type=\"page\">\n\t\t\t\t<div class=\"elementor-element elementor-element-b242631 e-con-full e-flex e-con e-parent\" data-id=\"b242631\" data-element_type=\"container\" data-e-type=\"container\">\n\t\t<div class=\"elementor-element elementor-element-34c386d e-con-full e-flex e-con e-parent\" data-id=\"34c386d\" data-element_type=\"container\" data-e-type=\"container\">\n\t\t\t\t<div class=\"elementor-element elementor-element-926b805 elementor-widget elementor-widget-heading\" data-id=\"926b805\" data-element_type=\"widget\" data-e-type=\"widget\" data-widget_type=\"heading.default\">\n\t\t\t\t<div class=\"elementor-widget-container\">\n\t\t\t\t\t<h2 class=\"elementor-heading-title elementor-size-default\">PASSAREL\u00b7LA DE PAGAMENTS NIZATOUR<\/h2>\t\t\t\t<\/div>\n\t\t\t\t<\/div>\n\t\t\t\t<\/div>\n\t\t<div class=\"elementor-element elementor-element-0503bd6 e-con-full e-flex e-con e-parent\" data-id=\"0503bd6\" data-element_type=\"container\" data-e-type=\"container\" data-settings=\"{&quot;background_background&quot;:&quot;classic&quot;}\">\n\t\t\t\t<div class=\"elementor-element elementor-element-1012c36 elementor-widget elementor-widget-shortcode\" data-id=\"1012c36\" data-element_type=\"widget\" data-e-type=\"widget\" data-widget_type=\"shortcode.default\">\n\t\t\t\t<div class=\"elementor-widget-container\">\n\t\t\t\t\t\n                <div class=\"pagos_tarjeta\">\n                \t<h2 style=\"text-align:center\">Informaci\u00f3 pel pagament<\/h2>\n\t\t\t\t\t<form action=\"https:\/\/www.nizatour.es\/ca\/pagaments\/\" >\n                    <input type=\"text\" id=\"name\" name=\"n\" placeholder=\"Nom\" >\n                    <input type=\"text\" id=\"desc\" name=\"d\" placeholder=\"Refer\u00e8ncia\" >\n                    <input type=\"text\" id=\"importe\" name=\"i\" placeholder=\"Import en \u20ac (xxxx,xx)\">\n                    <input type=\"submit\" value=\"enviar\" class=\"btn btn-primary btn-large\">\n                \t<\/form>\n\t\t\t\t<\/div>\n                \t\t<div class=\"elementor-shortcode\"><\/div>\n\t\t\t\t\t\t<\/div>\n\t\t\t\t<\/div>\n\t\t\t\t<\/div>\n\t\t<div class=\"elementor-element elementor-element-1045b14 e-con-full e-flex e-con e-parent\" data-id=\"1045b14\" data-element_type=\"container\" data-e-type=\"container\" data-settings=\"{&quot;background_background&quot;:&quot;classic&quot;}\">\n\t\t\t\t<div class=\"elementor-element elementor-element-e036a1a elementor-widget elementor-widget-text-editor\" data-id=\"e036a1a\" data-element_type=\"widget\" data-e-type=\"widget\" data-widget_type=\"text-editor.default\">\n\t\t\t\t<div class=\"elementor-widget-container\">\n\t\t\t\t\t\t\t\t\t<p><strong>COM FUNCIONA<\/strong><\/p><p>Des d&#8217;aquesta p\u00e0gina podreu realitzar els pagaments dels nostres serveis amb targeta de cr\u00e8dit. Ompliu al formulari el vostre nom, la refer\u00e8ncia de la comanda que us hem facilitat,\u00a0l&#8217;import a pagar i feu clic a enviar. Un cop hagueu enviat el formulari de contacte s&#8217;obrir\u00e0 la passarel\u00b7la de pagament segur de l&#8217;entitat banc\u00e0ria, perqu\u00e8 pugueu fer el pagament amb totes les garanties de seguretat.<\/p>\t\t\t\t\t\t\t\t<\/div>\n\t\t\t\t<\/div>\n\t\t\t\t<div class=\"elementor-element elementor-element-6600b1a elementor-widget elementor-widget-text-editor\" data-id=\"6600b1a\" data-element_type=\"widget\" data-e-type=\"widget\" data-widget_type=\"text-editor.default\">\n\t\t\t\t<div class=\"elementor-widget-container\">\n\t\t\t\t\t\t\t\t\t<p><strong>POL\u00cdTICA DE CANCEL\u00b7LACI\u00d3<\/strong><\/p><p>El present pagament de servei en cas de ser cancel\u00b7lat o canviat de data s&#8217;aplicar\u00e0 la seg\u00fcent pol\u00edtica:<\/p><ul><li>Canvi de data: No hi haur\u00e0 cap c\u00e0rrec.<\/li><li>Cancel\u00b7laci\u00f3 abans de 72 hores: Abonament del 50%.<\/li><li>Cancel\u00b7laci\u00f3 abans de 48 hores: No es procedir\u00e0 a cap devoluci\u00f3.<\/li><li>Les devolucions, si n&#8217;hi ha, es realitzaran mitjan\u00e7ant transfer\u00e8ncia banc\u00e0ria.<\/li><\/ul>\t\t\t\t\t\t\t\t<\/div>\n\t\t\t\t<\/div>\n\t\t\t\t<\/div>\n\t\t\t\t<\/div>\n\t\t\t\t<\/div>\n\t\t","protected":false},"excerpt":{"rendered":"<p>PASSAREL\u00b7LA DE PAGAMENTS NIZATOUR COM FUNCIONA Des d&#8217;aquesta p\u00e0gina podreu realitzar els pagaments dels nostres serveis amb targeta de cr\u00e8dit. Ompliu al formulari el vostre nom, la refer\u00e8ncia de la comanda que us hem facilitat,&nbsp;l&#8217;import a pagar i feu clic a enviar. Un cop hagueu enviat el formulari de contacte s&#8217;obrir\u00e0 la passarel\u00b7la de pagament [&hellip;]<\/p>\n","protected":false},"author":2,"featured_media":0,"parent":0,"menu_order":0,"comment_status":"closed","ping_status":"closed","template":"","meta":{"_acf_changed":false,"footnotes":""},"class_list":["post-1065","page","type-page","status-publish","hentry"],"acf":[],"_links":{"self":[{"href":"https:\/\/www.nizatour.es\/ca\/wp-json\/wp\/v2\/pages\/1065","targetHints":{"allow":["GET"]}}],"collection":[{"href":"https:\/\/www.nizatour.es\/ca\/wp-json\/wp\/v2\/pages"}],"about":[{"href":"https:\/\/www.nizatour.es\/ca\/wp-json\/wp\/v2\/types\/page"}],"author":[{"embeddable":true,"href":"https:\/\/www.nizatour.es\/ca\/wp-json\/wp\/v2\/users\/2"}],"replies":[{"embeddable":true,"href":"https:\/\/www.nizatour.es\/ca\/wp-json\/wp\/v2\/comments?post=1065"}],"version-history":[{"count":11,"href":"https:\/\/www.nizatour.es\/ca\/wp-json\/wp\/v2\/pages\/1065\/revisions"}],"predecessor-version":[{"id":2739,"href":"https:\/\/www.nizatour.es\/ca\/wp-json\/wp\/v2\/pages\/1065\/revisions\/2739"}],"wp:attachment":[{"href":"https:\/\/www.nizatour.es\/ca\/wp-json\/wp\/v2\/media?parent=1065"}],"curies":[{"name":"wp","href":"https:\/\/api.w.org\/{rel}","templated":true}]}}