{"id":1090,"date":"2023-01-30T12:02:07","date_gmt":"2023-01-30T11:02:07","guid":{"rendered":"https:\/\/www.nizatour.es\/aviso-legal\/"},"modified":"2026-02-04T10:02:32","modified_gmt":"2026-02-04T09:02:32","slug":"avis-legal","status":"publish","type":"page","link":"https:\/\/www.nizatour.es\/ca\/avis-legal\/","title":{"rendered":"Av\u00eds Legal"},"content":{"rendered":"\n<ol class=\"wp-block-list\">\n<li><strong>INFORMACI\u00d3 DEL TITULAR<\/strong><\/li>\n<\/ol>\n\n\n\n<p>En compliment de l&#8217;article 10 de la Llei 34\/2002, d&#8217;11 de juliol, de serveis de la Societat de la Informaci\u00f3 i Comer\u00e7 Electr\u00f2nic, a continuaci\u00f3 s&#8217;exposen les dades identificatives del Titular:<\/p>\n\n\n\n<figure class=\"wp-block-table\"><table><tbody><tr><td>Web:<\/td><td><strong><a href=\"https:\/\/www.nizatour.es\/es\/inicio-autocares-nizatour\/\">https:\/\/www.nizatour.es<\/a><\/strong>&nbsp;y subdominios (en adelante, la Web)<\/td><\/tr><tr><td>Titular:<\/td><td><strong>NIZATOUR, S.L.&nbsp;<\/strong>(en adelante, NIZATOUR)<\/td><\/tr><tr><td>Domicili:<\/td><td>Calle Miquel Torell\u00f3 i Pag\u00e8s, 2 08750 Molins de Rei (Barcelona)<\/td><\/tr><tr><td>C.I.F:<\/td><td>B58011370<\/td><\/tr><tr><td>Dades registrals:<\/td><td>Inscrita en el Registro Mercantil de Barcelona Tomo 24.728, Folio 97, Hoja B-75.313, Inscripci\u00f3n 4\u00aa<\/td><\/tr><tr><td>Tel\u00e8fon:<\/td><td>+34 93.474.17.90<\/td><\/tr><tr><td>email:<\/td><td><a href=\"mailto:nizatour@nizatour.es\">nizatour@nizatour.es<\/a><\/td><\/tr><\/tbody><\/table><\/figure>\n\n\n\n<ol start=\"2\" class=\"wp-block-list\">\n<li><strong>CONDICIONS D&#8217;ACC\u00c9S I \u00daS<\/strong><\/li>\n<\/ol>\n\n\n\n<p>Qualsevol persona que accedeixi a la Web de NIZATOUR tindr\u00e0 la consideraci\u00f3 d&#8217;Usuari. L&#8217;Usuari es compromet a utilitzar la p\u00e0gina Web i aquells serveis posats a la seva disposici\u00f3 a trav\u00e9s d&#8217;aquesta, d&#8217;acord amb la Llei, moral, bons costums i ordre p\u00fablic, aix\u00ed com amb el que disposa aquest clausulat. En conseq\u00fc\u00e8ncia, queda obligat a no utilitzar el Web amb fins o efectes il\u00b7l\u00edcits i\/o contraris al que estableixen, lesius de drets i\/o interessos de tercers o que, de qualsevol manera, puguin danyar el Web o impedir-ne el normal \u00fas, o dels serveis accessibles a trav\u00e9s de la mateixa.<\/p>\n\n\n\n<p>L&#8217;acc\u00e9s a la Web \u00e9s gratu\u00eft encara que hi ha \u00e0rees reservades als Usuaris registrats. Com a conseq\u00fc\u00e8ncia d&#8217;aquest registre, a l&#8217;Usuari se li pot proporcionar una contrasenya de la qual ser\u00e0 responsable, comprometent-se a fer-ne un \u00fas diligent i confidencial.<\/p>\n\n\n\n<p>La utilitzaci\u00f3 del Web i\/o dels seus Serveis, suposar\u00e0 l&#8217;acceptaci\u00f3 plena i sense reserves, i la validesa, de totes i cadascuna de les cl\u00e0usules recollides a la darrera versi\u00f3 actualitzada d&#8217;aquest Av\u00eds Legal, per la qual cosa l&#8217;Usuari haur\u00e0 de ser conscient de la import\u00e0ncia de llegir-les cada vegada que visiteu la web.<\/p>\n\n\n\n<p>3. <strong>PROPIETAT INTEL\u00b7LECTUAL<\/strong><\/p>\n\n\n\n<p>El codi font, els dissenys gr\u00e0fics, les imatges, les fotografies, els v\u00eddeos, els sons, les animacions, el programari, els textos, aix\u00ed com la informaci\u00f3 i els continguts que es recullen a la Web estan protegits per la legislaci\u00f3 espanyola sobre els drets de propietat intel\u00b7lectual i industrial a favor de NIZATOUR o de tercers llicenciadors. No es permet la reproducci\u00f3 i\/o publicaci\u00f3, total o parcial, del Web, ni el tractament inform\u00e0tic, la distribuci\u00f3, la difusi\u00f3, ni la modificaci\u00f3, transformaci\u00f3 o descompilaci\u00f3, ni altres drets reconeguts legalment al titular, sense el perm\u00eds previ i per escrit del mateix. L&#8217;Usuari, \u00fanica i exclusivament, pot utilitzar el material que aparegui a la Web per al seu \u00fas personal i privat, quedant-ne prohibit l&#8217;\u00fas amb finalitats comercials o per inc\u00f3rrer en activitats il\u00b7l\u00edcites. Tots els drets derivats de la propietat intel\u00b7lectual estan expressament reservats per NIZATOUR o els tercers llicenciadors, que vetllar\u00e0 pel compliment de les condicions anteriors com per la deguda utilitzaci\u00f3 dels continguts presentats a les seves p\u00e0gines web, exercitant totes les accions civils i penals que li corresponguin en cas d&#8217;infracci\u00f3 o incompliment d&#8217;aquests drets per part de l&#8217;Usuari.<\/p>\n\n\n\n<ol start=\"4\" class=\"wp-block-list\">\n<li><strong>POL\u00cdTICA DE PRIVACITAT<\/strong><\/li>\n<\/ol>\n\n\n\n<p>En el marc del compliment del Reglament (UE) 2016\/679 del Parlament Europeu i del Consell, de 27 d&#8217;abril de 2016, relatiu a la protecci\u00f3 de les persones f\u00edsiques pel que fa al tractament de dades personals i la lliure circulaci\u00f3 d&#8217;aquestes dades (d&#8217;ara endavant, el \u201cRGPD\u201d), i la normativa Llei Org\u00e0nica 3\/2018, de digitals (d&#8217;ara endavant, el \u201cLOPDGDD\u201d), NIZATOUR informa els usuaris que:<\/p>\n\n\n\n<ul class=\"wp-block-list\">\n<li>Qualsevol dada de car\u00e0cter personal que l&#8217;Usuari faciliti a trav\u00e9s del correu electr\u00f2nic, formularis electr\u00f2nics o altres mitjans passaran a formar part dels fitxers propietat de NIZATOUR que es troben degudament registrats a l&#8217;Ag\u00e8ncia Espanyola de Protecci\u00f3 de Dades. La negativa a proporcionar les dades qualificades com a obligat\u00f2ries per mitj\u00e0 del s\u00edmbol de l&#8217;asterisc (*) als formularis de recollida, si n&#8217;hi hagu\u00e9s, o la no acceptaci\u00f3 expressa o inequ\u00edvoca de la present pol\u00edtica de privadesa suposar\u00e0 la impossibilitat de prestar a l&#8217;Usuari el servei sol\u00b7licitat .<\/li>\n\n\n\n<li>Les finalitats dels tractaments van dirigides a la prestaci\u00f3 dels serveis que l&#8217;Usuari pogu\u00e9s manifestar, a la correcta identificaci\u00f3 de l&#8217;Usuari que sol\u00b7licita serveis personalitzats, a la realitzaci\u00f3 d&#8217;estudis estad\u00edstics que permetin dissenyar millores als serveis prestats, a la gesti\u00f3 de la sol\u00b7licitud d&#8217;ocupaci\u00f3 i inclusi\u00f3 en futurs processos de selecci\u00f3 de personal que el responsable pogu\u00e9s dur a terme, a la realitzaci\u00f3 d&#8217;accions formatives, a la gesti\u00f3 de tasques b\u00e0siques d&#8217;administraci\u00f3, aix\u00ed com per a la comunicaci\u00f3, b\u00e9 per correu electr\u00f2nic b\u00e9 per qualsevol altre mitj\u00e0, de novetats, productes i serveis relacionats amb NIZATOUR o amb terceres entitats col\u00b7laboradores que poguessin resultar del seu inter\u00e8s (tasca aquesta \u00faltima sempre identificada com a tal).<\/li>\n\n\n\n<li>NIZATOUR&nbsp;es compromet a tractar les dades de lUsuari de forma confidencial i nom\u00e9s seran cedides a tercers (entenent-se per tercer \u00abLes entitats col\u00b7laboradores deNIZATOUR&nbsp;que subministren serveis espec\u00edfics als seus clients o empleats\u00bb) per al compliment efectiu dels serveis sol\u00b7licitats per lUsuari . D&#8217;altra manera, sol\u00b7licitar\u00e0 el consentiment previ a l&#8217;usuari.<\/li>\n\n\n\n<li>L&#8217;Usuari respondr\u00e0, en qualsevol cas, de la veracitat de les dades facilitades, reservant-se NIZATOUR el dret a excloure dels serveis registrats tot Usuari que hagi facilitat dades falses, sense perjudici de les altres accions que siguin procedents en Dret.<\/li>\n\n\n\n<li>NIZATOUR declara que ha adoptat les mesures al seu abast dirigides a evitar la p\u00e8rdua, mal \u00fas, alteraci\u00f3, acc\u00e9s no autoritzat i robatori de les dades que l&#8217;Usuari facilita, d&#8217;acord amb el nivell de seguretat aplicable, a les seves instal\u00b7lacions, sistemes i fitxers, de conformitat amb el que estableix el T\u00edtol VIII del Reglament de desenvolupament de la LOPD (aprovat pel Reial Decret 1720\/2007, de 21 de desembre). Tot i aix\u00f2, l&#8217;usuari ha de ser conscient que actualment les mesures de seguretat a Internet no s\u00f3n inexpugnables.<\/li>\n\n\n\n<li>L&#8217;Usuari podr\u00e0 exercir els drets reconeguts a la LOPD, d&#8217;acc\u00e9s, rectificaci\u00f3, cancel\u00b7laci\u00f3 i oposici\u00f3 mitjan\u00e7ant petici\u00f3 escrita dirigida a NIZATOUR, S.L. (Ref. Protecci\u00f3 de Dades) mitjan\u00e7ant escrit dirigit a l&#8217;adre\u00e7a postal Prat de la Riba 186, nau 11 08780 Pallej\u00e0 (Barcelona) o mitjan\u00e7ant correu electr\u00f2nic al compte&nbsp;nizatour@nizatour.es, assenyalant el dret a exercir i aportant document acreditatiu de la identitat.<\/li>\n<\/ul>\n\n\n\n<ol start=\"5\" class=\"wp-block-list\">\n<li><strong>POL\u00cdTICA DE COOKIES<\/strong><\/li>\n<\/ol>\n\n\n\n<p>NIZATOUR pot recopilar informaci\u00f3 sobre els h\u00e0bits de cerca dels usuaris del lloc web per mitj\u00e0 de cookies o arxius de registre. No s&#8217;utilitzaran les galetes per recollir informaci\u00f3 de car\u00e0cter personal. Nom\u00e9s s&#8217;instal\u00b7laran si l&#8217;Usuari roman i continua navegant a la nostra p\u00e0gina web, entenent que en consenteix l&#8217;\u00fas i la instal\u00b7laci\u00f3. A continuaci\u00f3 proporcionem informaci\u00f3 detallada sobre: qu\u00e8 s\u00f3n les \u201ccookies\u201d, quina tipologia utilitza aquest lloc web, com poden desactivar-les al navegador i com bloquejar espec\u00edficament la instal\u00b7laci\u00f3 de Cookies de tercers.<\/p>\n\n\n\n<p>Qu\u00e8 s\u00f3n les galetes?<\/p>\n\n\n\n<p>Les galetes s\u00f3n petits arxius de text generats per les p\u00e0gines web que l&#8217;Usuari visita, les quals contenen les dades de sessi\u00f3 que poden ser \u00fatils m\u00e9s endavant a la p\u00e0gina web. Les dades permeten que la p\u00e0gina web pugui mantenir la vostra informaci\u00f3 entre les p\u00e0gines, i tamb\u00e9 per analitzar la manera d&#8217;interactuar amb el lloc.<\/p>\n\n\n\n<p>Les cookies s\u00f3n segures ja que nom\u00e9s poden emmagatzemar la informaci\u00f3 que va posar al seu lloc el navegador, la informaci\u00f3 que l&#8217;Usuari hagu\u00e9s introdu\u00eft al navegador o la que s&#8217;inclou a la sol\u00b7licitud de p\u00e0gina. No podeu executar codi i no es poden utilitzar per accedir a l&#8217;equip de l&#8217;Usuari.<\/p>\n\n\n\n<p>Les galetes s\u00f3n essencials per al funcionament d&#8217;Internet, aportant innombrables avantatges en la prestaci\u00f3 de serveis interactius, facilitant la navegaci\u00f3 i usabilitat de les p\u00e0gines web. Les cookies no poden fer malb\u00e9 els equips i que estiguin activades ajuda a identificar i resoldre els errors.<\/p>\n\n\n\n<p><strong>Tipus de cookies<\/strong><\/p>\n\n\n\n<p>A continuaci\u00f3, proporcionem m\u00e9s informaci\u00f3 perqu\u00e8 s&#8217;entenguin millor els diferents tipus de galetes que poden ser utilitzats:<\/p>\n\n\n\n<p>\u2013&nbsp;<strong>Cookies de sessi\u00f3:<\/strong> s\u00f3n cookies temporals que romanen a l&#8217;arxiu de cookies del navegador fins que s&#8217;abandona la p\u00e0gina web, per la qual cosa cap queda registrada al disc dur de l&#8217;usuari. La informaci\u00f3 obtinguda per mitj\u00e0 d&#8217;aquestes galetes serveix per analitzar pautes de tr\u00e0nsit a la web. A la llarga, aix\u00f2 permet proporcionar una millor experi\u00e8ncia per millorar-ne el contingut i facilitar-ne l&#8217;\u00fas.<\/p>\n\n\n\n<p>\u2013<strong>&nbsp;Cookies permanents:<\/strong> s\u00f3n emmagatzemades al disc dur i la p\u00e0gina web les llegeix cada vegada que es realitza una nova visita. Tot i el seu nom, una web permanent t\u00e9 una data d&#8217;expiraci\u00f3 determinada. La galeta deixar\u00e0 de funcionar despr\u00e9s d&#8217;aquesta data. S&#8217;utilitzen generalment per facilitar els diferents serveis que ofereixen les p\u00e0gines web.<\/p>\n\n\n\n<p>A continuaci\u00f3, publiquem una relaci\u00f3 de les principals cookies utilitzades a les nostres webs, distingint:<\/p>\n\n\n\n<p>\u2013 Les galetes estrictament necess\u00e0ries com, per exemple, aquelles que serveixen per a una correcta navegaci\u00f3 o cookies que serveixen per assegurar que el contingut de la p\u00e0gina web es carrega efica\u00e7ment.<\/p>\n\n\n\n<p>\u2013 Les galetes de tercers com, per exemple, les usades per xarxes socials, o per complements externs de contingut.<\/p>\n\n\n\n<p>\u2013 Les galetes anal\u00edtiques amb prop\u00f2sits de manteniment peri\u00f2dic i, per tal de garantir el millor servei possible a l&#8217;usuari, amb qu\u00e8 els llocs web recopilen dades estad\u00edstiques de l&#8217;activitat.<\/p>\n\n\n\n<p>Relaci\u00f3 i descripci\u00f3 de galetes<\/p>\n\n\n\n<p>La taula que publiquem a continuaci\u00f3 recull de forma esquematitzada les cookies anteriorment descrites i utilitzades a la nostra p\u00e0gina web:<\/p>\n\n\n\n<figure class=\"wp-block-table\"><table><tbody><tr><td><strong>Fuente<\/strong><\/td><td><strong>Nombre<\/strong><\/td><td><strong>Duraci\u00f3n<\/strong><\/td><td><strong>Prop\u00f3sito<\/strong><\/td><td><strong>M\u00e1s informaci\u00f3n<\/strong><\/td><\/tr><tr><td><strong>Facebook<\/strong><\/td><td>Act<br>Csm<br>Datr<br>Fr<br>P<br>C_user<br>Presence<br>S<br>xs<\/td><td>Sessi\u00f3<br>Sessi\u00f3<br>2 anys<br>1 mes<br>Sessi\u00f3<br>Sessi\u00f3<br>Sessi\u00f3<br>Sessi\u00f3<br>Sessi\u00f3<\/td><td>Permite compartir contenido desde el&nbsp;site&nbsp;a la cuenta de Facebook del usuario. Identifica el navegador usado para conectarse a Facebook independientemente del usuario conectado.<\/td><td>\u2013&nbsp;&nbsp;&nbsp;&nbsp;<a href=\"https:\/\/www.facebook.com\/policies\/cookies\/\" target=\"_blank\" rel=\"noreferrer noopener\">Pol\u00edtica de privacidad Facebook.<\/a><\/td><\/tr><tr><td><strong>Google<\/strong><\/td><td>NID<br>PREF<br>APISID<br>HSID<br>OTZ<br>SAPISID<br>SID<br>SSID<\/td><td>6 mesos<br>2 anys<br>2 anys<br>2 anys<br>1 mes<br>2 anys<br>2 anys<br>2 anys<\/td><td>Recopila informaci\u00f3 sobre prefer\u00e8ncies de l&#8217;Usuari per optimitzar els serveis prestats per Google (com Maps, Plus).<\/td><td>\u2013&nbsp;&nbsp;&nbsp;&nbsp;<a href=\"http:\/\/www.google.com\/intl\/es\/policies\/privacy\/\" target=\"_blank\" rel=\"noreferrer noopener\">Pol\u00edtica de privacidad de Google.<\/a><\/td><\/tr><tr><td>Nizatour<\/td><td>PHPSESSID<br>_ga<br>Cdp-cookies-plugin-wp<\/td><td>Sessi\u00f3<br>2 anys<br>1 any<\/td><td>Es fan servir per millorar l&#8217;experi\u00e8ncia de navegaci\u00f3 de l&#8217;usuari<\/td><td><\/td><\/tr><\/tbody><\/table><\/figure>\n\n\n\n<p>Tots els navegadors d&#8217;Internet permeten limitar el comportament d&#8217;una galeta o desactivar les galetes dins de la configuraci\u00f3 o opcions del navegador. Els passos per fer-ho s\u00f3n diferents per a cada navegador, podent trobar instruccions al men\u00fa d&#8217;ajuda de cada navegador.<\/p>\n\n\n\n<p>Molts navegadors permeten activar un mode privat mitjan\u00e7ant el qual les galetes s&#8217;esborren sempre despr\u00e9s de la visita. Depenent de cada navegador aquest mode privat, podeu tenir diferents noms. A continuaci\u00f3 podeu trobar una llista dels navegadors m\u00e9s comuns amb un enlla\u00e7 a la configuraci\u00f3 de cookies i els diferents noms d&#8217;aquest \u201cmode privat\u201d:<\/p>\n\n\n\n<ul class=\"wp-block-list\">\n<li><a href=\"https:\/\/support.google.com\/accounts\/answer\/61416?hl=es\" target=\"_blank\" rel=\"noreferrer noopener\">Google Chrome<\/a><\/li>\n\n\n\n<li><a href=\"http:\/\/support.mozilla.org\/es\/kb\/habilitar-y-deshabilitar-cookies-que-los-sitios-we\" target=\"_blank\" rel=\"noreferrer noopener\">Mozilla Firefox<\/a><\/li>\n\n\n\n<li><a href=\"http:\/\/windows.microsoft.com\/es-es\/windows-vista\/block-or-allow-cookies\" target=\"_blank\" rel=\"noreferrer noopener\">Internet Explorer<\/a><\/li>\n\n\n\n<li><a href=\"http:\/\/support.apple.com\/kb\/PH17191?viewlocale=es_ES&amp;locale=en_US\" target=\"_blank\" rel=\"noreferrer noopener\">Safari<\/a><\/li>\n\n\n\n<li><a href=\"http:\/\/support.apple.com\/kb\/HT1677?viewlocale=es_ES\" target=\"_blank\" rel=\"noreferrer noopener\">Safari para IOS (iPhone y iPad)<\/a><\/li>\n\n\n\n<li><a href=\"http:\/\/support.google.com\/chrome\/answer\/2392971?hl=es\" target=\"_blank\" rel=\"noreferrer noopener\">Chrome para Android<\/a><\/li>\n<\/ul>\n\n\n\n<ol start=\"6\" class=\"wp-block-list\">\n<li><strong>POL\u00cdTICA D&#8217;ENLLA\u00c7OS<\/strong><\/li>\n<\/ol>\n\n\n\n<p>NIZATOUR&nbsp;no ser\u00e0 responsable dels danys i perjudicis produ\u00efts o que puguin produir-se, sigui quina sigui la seva naturalesa, que es derivin de l\u00fas de la informaci\u00f3, de les mat\u00e8ries contingudes a la Web i dels programes que incorpora. Els enlla\u00e7os (Links) i hipertext que possibilitin, a trav\u00e9s del Web, accedir a l&#8217;Usuari a prestacions i serveis oferts per tercers, no pertanyen ni es troben sota el control de NIZATOUR, de manera que no es fa responsable ni de la informaci\u00f3 continguda en aquests ni de qualssevol efectes que poguessin derivar-se de la dita informaci\u00f3.<\/p>\n\n\n\n<ol start=\"7\" class=\"wp-block-list\">\n<li><strong>POL\u00cdTICA D&#8217;INFORMACI\u00d3 I PUBLICITAT COMERCIAL<\/strong><\/li>\n<\/ol>\n\n\n\n<p>NIZATOUR es compromet a trav\u00e9s d&#8217;aquest mitj\u00e0 a no fer publicitat enganyosa. A aquests efectes, per tant, no seran considerats com a publicitat enganyosa els errors formals o num\u00e8rics que puguin trobar-se al llarg del contingut de les diferents seccions de la Web, produ\u00efts com a conseq\u00fc\u00e8ncia d&#8217;un manteniment i\/o actualitzaci\u00f3 incompleta de la informaci\u00f3 continguda en aquestes seccions. NIZATOUR, com a conseq\u00fc\u00e8ncia del que disposa aquest apartat, es compromet a corregir-ho tan aviat com tingui coneixement d&#8217;aquests errors.<\/p>\n\n\n\n<p>NIZATOUR es compromet a no remetre comunicacions comercials sense identificar-les com a tals, d&#8217;acord amb el que disposa la Llei 34\/2002 de Serveis de la Societat de la Informaci\u00f3 i de comer\u00e7 electr\u00f2nic. A aquests efectes no ser\u00e0 considerat com a comunicaci\u00f3 comercial tota la informaci\u00f3 que s&#8217;envi\u00ef als clients de NIZATOUR sempre que tingui per finalitat el manteniment de la relaci\u00f3 contractual existent entre client i NIZATOUR, aix\u00ed com l&#8217;exercici de les tasques d&#8217;informaci\u00f3 i altres activitats pr\u00f2pies del servei que el client t\u00e9 contractat.<\/p>\n\n\n\n<ol start=\"8\" class=\"wp-block-list\">\n<li><strong>JURISDICCI\u00d3 I LLEIS APLICABLES<\/strong><\/li>\n<\/ol>\n\n\n\n<p>El present Av\u00eds Legal i totes les relacions que s&#8217;estableixin entre NIZATOUR i l&#8217;Usuari de la Web i els seus serveis es regiran pel que estableix la legislaci\u00f3 espanyola. Qualsevol controv\u00e8rsia se sotmetr\u00e0 als jutjats i tribunals de la ciutat de Barcelona.<\/p>\n\n\n\n<p>NIZATOUR, S.L. \u2013 \u00daltima revisi\u00f3: juliol 2018<\/p>\n","protected":false},"excerpt":{"rendered":"<p>En compliment de l&#8217;article 10 de la Llei 34\/2002, d&#8217;11 de juliol, de serveis de la Societat de la Informaci\u00f3 i Comer\u00e7 Electr\u00f2nic, a continuaci\u00f3 s&#8217;exposen les dades identificatives del Titular: Web: https:\/\/www.nizatour.es&nbsp;y subdominios (en adelante, la Web) Titular: NIZATOUR, S.L.&nbsp;(en adelante, NIZATOUR) Domicili: Calle Miquel Torell\u00f3 i Pag\u00e8s, 2 08750 Molins de Rei (Barcelona) [&hellip;]<\/p>\n","protected":false},"author":2,"featured_media":0,"parent":0,"menu_order":999999,"comment_status":"closed","ping_status":"closed","template":"","meta":{"_acf_changed":false,"footnotes":""},"class_list":["post-1090","page","type-page","status-publish","hentry"],"acf":[],"_links":{"self":[{"href":"https:\/\/www.nizatour.es\/ca\/wp-json\/wp\/v2\/pages\/1090","targetHints":{"allow":["GET"]}}],"collection":[{"href":"https:\/\/www.nizatour.es\/ca\/wp-json\/wp\/v2\/pages"}],"about":[{"href":"https:\/\/www.nizatour.es\/ca\/wp-json\/wp\/v2\/types\/page"}],"author":[{"embeddable":true,"href":"https:\/\/www.nizatour.es\/ca\/wp-json\/wp\/v2\/users\/2"}],"replies":[{"embeddable":true,"href":"https:\/\/www.nizatour.es\/ca\/wp-json\/wp\/v2\/comments?post=1090"}],"version-history":[{"count":2,"href":"https:\/\/www.nizatour.es\/ca\/wp-json\/wp\/v2\/pages\/1090\/revisions"}],"predecessor-version":[{"id":18819,"href":"https:\/\/www.nizatour.es\/ca\/wp-json\/wp\/v2\/pages\/1090\/revisions\/18819"}],"wp:attachment":[{"href":"https:\/\/www.nizatour.es\/ca\/wp-json\/wp\/v2\/media?parent=1090"}],"curies":[{"name":"wp","href":"https:\/\/api.w.org\/{rel}","templated":true}]}}