{"id":1094,"date":"2023-01-30T12:01:11","date_gmt":"2023-01-30T11:01:11","guid":{"rendered":"https:\/\/www.nizatour.es\/politica-de-cookies\/"},"modified":"2023-02-07T08:31:31","modified_gmt":"2023-02-07T08:31:31","slug":"politica-de-cookies","status":"publish","type":"page","link":"https:\/\/www.nizatour.es\/ca\/politica-de-cookies\/","title":{"rendered":"Pol\u00edtica de cookies"},"content":{"rendered":"\n<p>En compliment de l&#8217;article 10 de la Llei 34\/2002, d&#8217;11 de juliol, de serveis de la Societat de la Informaci\u00f3 i Comer\u00e7 Electr\u00f2nic, a continuaci\u00f3 s&#8217;exposen les dades identificatives del Titular:<\/p>\n\n\n\n<figure class=\"wp-block-table\"><table><tbody><tr><td>Web:<\/td><td><strong><a href=\"https:\/\/www.nizatour.es\/es\/inicio-autocares-nizatour\/\">https:\/\/www.nizatour.es<\/a><\/strong>\u00a0i subdominis (d&#8217;ara endavant, la Web)<\/td><\/tr><tr><td>Titular:<\/td><td><strong>NIZATOUR, S.L.\u00a0<\/strong>(d&#8217;ara endavant, NIZATOUR)<\/td><\/tr><tr><td>Domicili:<\/td><td>Carrer Miquel Torell\u00f3 i Pag\u00e8s, 2 08750 Molins de Rei (Barcelona)<\/td><\/tr><tr><td>C.I.F:<\/td><td>B58011370<\/td><\/tr><tr><td>Dades registrals:<\/td><td>Inscrita al Registre Mercantil de Barcelona Tom 24.728, Foli 97, Full B-75.313, Inscripci\u00f3 4a<\/td><\/tr><tr><td>Tel\u00e8fon:<\/td><td>+34 93.474.17.90<\/td><\/tr><tr><td>email:<\/td><td><a href=\"mailto:nizatour@nizatour.es\">nizatour@nizatour.es<\/a><\/td><\/tr><\/tbody><\/table><\/figure>\n\n\n\n<p>NIZATOUR pot recopilar informaci\u00f3 sobre els h\u00e0bits de cerca dels usuaris del lloc web per mitj\u00e0 de cookies o arxius de registre. No s&#8217;utilitzaran les galetes per recollir informaci\u00f3 de car\u00e0cter personal. Nom\u00e9s s&#8217;instal\u00b7laran si l&#8217;Usuari roman i continua navegant a la nostra p\u00e0gina web, entenent que en consenteix l&#8217;\u00fas i la instal\u00b7laci\u00f3. A continuaci\u00f3 proporcionem informaci\u00f3 detallada sobre: qu\u00e8 s\u00f3n les \u201ccookies\u201d, quina tipologia utilitza aquest lloc web, com poden desactivar-les al navegador i com bloquejar espec\u00edficament la instal\u00b7laci\u00f3 de Cookies de tercers.<\/p>\n\n\n\n<p>Qu\u00e8 s\u00f3n les galetes?<\/p>\n\n\n\n<p>Les galetes s\u00f3n petits arxius de text generats per les p\u00e0gines web que l&#8217;Usuari visita, les quals contenen les dades de sessi\u00f3 que poden ser \u00fatils m\u00e9s endavant a la p\u00e0gina web. Les dades permeten que la p\u00e0gina web pugui mantenir la vostra informaci\u00f3 entre les p\u00e0gines, i tamb\u00e9 per analitzar la manera d&#8217;interactuar amb el lloc.<\/p>\n\n\n\n<p>Les cookies s\u00f3n segures ja que nom\u00e9s poden emmagatzemar la informaci\u00f3 que va posar al seu lloc el navegador, la informaci\u00f3 que l&#8217;Usuari hagu\u00e9s introdu\u00eft al navegador o la que s&#8217;inclou a la sol\u00b7licitud de p\u00e0gina. No podeu executar codi i no es poden utilitzar per accedir a l&#8217;equip de l&#8217;Usuari.<\/p>\n\n\n\n<p>Les galetes s\u00f3n essencials per al funcionament d&#8217;Internet, aportant innombrables avantatges en la prestaci\u00f3 de serveis interactius, facilitant la navegaci\u00f3 i usabilitat de les p\u00e0gines web. Les cookies no poden fer malb\u00e9 els equips i que estiguin activades ajuda a identificar i resoldre els errors.<\/p>\n\n\n\n<p>Tipus de cookies<\/p>\n\n\n\n<p>A continuaci\u00f3, proporcionem m\u00e9s informaci\u00f3 perqu\u00e8 s&#8217;entenguin millor els diferents tipus de galetes que poden ser utilitzats:<\/p>\n\n\n\n<p>\u2013&nbsp;Cookies de sessi\u00f3: s\u00f3n cookies temporals que romanen a l&#8217;arxiu de cookies del navegador fins que s&#8217;abandona la p\u00e0gina web, per la qual cosa cap queda registrada al disc dur de l&#8217;usuari. La informaci\u00f3 obtinguda per mitj\u00e0 d&#8217;aquestes galetes serveix per analitzar pautes de tr\u00e0nsit a la web. A la llarga, aix\u00f2 permet proporcionar una millor experi\u00e8ncia per millorar-ne el contingut i facilitar-ne l&#8217;\u00fas.<\/p>\n\n\n\n<p>\u2013&nbsp;Cookies permanents: s\u00f3n emmagatzemades al disc dur i la p\u00e0gina web les llegeix cada vegada que es realitza una nova visita. Tot i el seu nom, una web permanent t\u00e9 una data d&#8217;expiraci\u00f3 determinada. La galeta deixar\u00e0 de funcionar despr\u00e9s d&#8217;aquesta data. S&#8217;utilitzen generalment per facilitar els diferents serveis que ofereixen les p\u00e0gines web.<\/p>\n\n\n\n<p>A continuaci\u00f3, publiquem una relaci\u00f3 de les principals cookies utilitzades a les nostres webs, distingint:<\/p>\n\n\n\n<p>\u2013 Les galetes estrictament necess\u00e0ries com, per exemple, aquelles que serveixen per a una correcta navegaci\u00f3 o cookies que serveixen per assegurar que el contingut de la p\u00e0gina web es carrega efica\u00e7ment.<\/p>\n\n\n\n<p>\u2013 Les galetes de tercers com, per exemple, les usades per xarxes socials, o per complements externs de contingut.<\/p>\n\n\n\n<p>\u2013 Les galetes anal\u00edtiques amb prop\u00f2sits de manteniment peri\u00f2dic i, per tal de garantir el millor servei possible a l&#8217;usuari, amb qu\u00e8 els llocs web recopilen dades estad\u00edstiques de l&#8217;activitat.<\/p>\n\n\n\n<p>Relaci\u00f3 i descripci\u00f3 de galetes<\/p>\n\n\n\n<p>La taula que publiquem a continuaci\u00f3 recull de forma esquematitzada les cookies anteriorment descrites i utilitzades a la nostra p\u00e0gina web:<\/p>\n\n\n\n<figure class=\"wp-block-table\"><table><tbody><tr><td><strong>Font<\/strong><\/td><td><strong>Nom<\/strong><\/td><td><strong>Duraci\u00f3<\/strong><\/td><td><strong>Prop\u00f3si<\/strong>t<\/td><td><strong>M\u00e9s informaci\u00f3<\/strong><\/td><\/tr><tr><td><strong>Facebook<\/strong><\/td><td>Act<br>Csm<br>Datr<br>Fr<br>P<br>C_user<br>Presence<br>S<br>xs<\/td><td>Sessi\u00f3<br>Sessi\u00f3<br>2 anys<br>1 mes<br>Sessi\u00f3<br>Sessi\u00f3<br>Sessi\u00f3<br>Sessi\u00f3<br>Sessi\u00f3<\/td><td>Permet compartir contingut des del site al compte de Facebook de l&#8217;usuari. Identifica el navegador utilitzat per connectar-se a Facebook independentment de l&#8217;usuari connectat.<\/td><td>\u2013&nbsp;&nbsp;&nbsp;&nbsp;<a href=\"https:\/\/www.facebook.com\/policies\/cookies\/\" target=\"_blank\" rel=\"noreferrer noopener\">Pol\u00edtica de privacidad Facebook.<\/a><\/td><\/tr><tr><td><strong>Google<\/strong><\/td><td>NID<br>PREF<br>APISID<br>HSID<br>OTZ<br>SAPISID<br>SID<br>SSID<\/td><td>6 mesos<br>2 anys<br>2 anys<br>2 anys<br>1 mes<br>2 anys<br>2 anys<br>2 anys<\/td><td>Recopila informaci\u00f3 sobre prefer\u00e8ncies de l&#8217;Usuari per optimitzar els serveis prestats per Google (com Maps, Plus).<\/td><td>\u2013&nbsp;&nbsp;&nbsp;&nbsp;<a href=\"http:\/\/www.google.com\/intl\/es\/policies\/privacy\/\" target=\"_blank\" rel=\"noreferrer noopener\">Pol\u00edtica de privacidad de Google.<\/a><\/td><\/tr><tr><td>Nizatour<\/td><td>PHPSESSID<br>_ga<br>Cdp-cookies-plugin-wp<\/td><td>Sessi\u00f3<br>2 anys<br>1 any<\/td><td>Es fan servir per millorar l&#8217;experi\u00e8ncia de navegaci\u00f3 de l&#8217;usuari<\/td><td><\/td><\/tr><\/tbody><\/table><\/figure>\n\n\n\n<p>Tots els navegadors d&#8217;Internet permeten limitar el comportament d&#8217;una galeta o desactivar les galetes dins de la configuraci\u00f3 o opcions del navegador. Els passos per fer-ho s\u00f3n diferents per a cada navegador, podent trobar instruccions al men\u00fa d&#8217;ajuda de cada navegador.<\/p>\n\n\n\n<p>Molts navegadors permeten activar un mode privat mitjan\u00e7ant el qual les galetes s&#8217;esborren sempre despr\u00e9s de la visita. Depenent de cada navegador aquest mode privat, podeu tenir diferents noms. A continuaci\u00f3 podeu trobar una llista dels navegadors m\u00e9s comuns amb un enlla\u00e7 a la configuraci\u00f3 de cookies i els diferents noms d&#8217;aquest \u201cmode privat\u201d:<\/p>\n\n\n\n<ul class=\"wp-block-list\">\n<li><a href=\"https:\/\/support.google.com\/accounts\/answer\/61416?hl=es\" target=\"_blank\" rel=\"noreferrer noopener\">Google Chrome<\/a><\/li>\n\n\n\n<li><a href=\"http:\/\/support.mozilla.org\/es\/kb\/habilitar-y-deshabilitar-cookies-que-los-sitios-we\" target=\"_blank\" rel=\"noreferrer noopener\">Mozilla Firefox<\/a><\/li>\n\n\n\n<li><a href=\"http:\/\/windows.microsoft.com\/es-es\/windows-vista\/block-or-allow-cookies\" target=\"_blank\" rel=\"noreferrer noopener\">Internet Explorer<\/a><\/li>\n\n\n\n<li><a href=\"http:\/\/support.apple.com\/kb\/PH17191?viewlocale=es_ES&amp;locale=en_US\" target=\"_blank\" rel=\"noreferrer noopener\">Safari<\/a><\/li>\n\n\n\n<li><a href=\"http:\/\/support.apple.com\/kb\/HT1677?viewlocale=es_ES\" target=\"_blank\" rel=\"noreferrer noopener\">Safari para IOS (iPhone y iPad)<\/a><\/li>\n\n\n\n<li><a href=\"http:\/\/support.google.com\/chrome\/answer\/2392971?hl=es\" target=\"_blank\" rel=\"noreferrer noopener\">Chrome para Android<\/a><\/li>\n<\/ul>\n","protected":false},"excerpt":{"rendered":"<p>En compliment de l&#8217;article 10 de la Llei 34\/2002, d&#8217;11 de juliol, de serveis de la Societat de la Informaci\u00f3 i Comer\u00e7 Electr\u00f2nic, a continuaci\u00f3 s&#8217;exposen les dades identificatives del Titular: Web: https:\/\/www.nizatour.es\u00a0i subdominis (d&#8217;ara endavant, la Web) Titular: NIZATOUR, S.L.\u00a0(d&#8217;ara endavant, NIZATOUR) Domicili: Carrer Miquel Torell\u00f3 i Pag\u00e8s, 2 08750 Molins de Rei (Barcelona) [&hellip;]<\/p>\n","protected":false},"author":2,"featured_media":0,"parent":0,"menu_order":9999999,"comment_status":"closed","ping_status":"closed","template":"","meta":{"_acf_changed":false,"footnotes":""},"class_list":["post-1094","page","type-page","status-publish","hentry"],"acf":[],"_links":{"self":[{"href":"https:\/\/www.nizatour.es\/ca\/wp-json\/wp\/v2\/pages\/1094","targetHints":{"allow":["GET"]}}],"collection":[{"href":"https:\/\/www.nizatour.es\/ca\/wp-json\/wp\/v2\/pages"}],"about":[{"href":"https:\/\/www.nizatour.es\/ca\/wp-json\/wp\/v2\/types\/page"}],"author":[{"embeddable":true,"href":"https:\/\/www.nizatour.es\/ca\/wp-json\/wp\/v2\/users\/2"}],"replies":[{"embeddable":true,"href":"https:\/\/www.nizatour.es\/ca\/wp-json\/wp\/v2\/comments?post=1094"}],"version-history":[{"count":1,"href":"https:\/\/www.nizatour.es\/ca\/wp-json\/wp\/v2\/pages\/1094\/revisions"}],"predecessor-version":[{"id":1096,"href":"https:\/\/www.nizatour.es\/ca\/wp-json\/wp\/v2\/pages\/1094\/revisions\/1096"}],"wp:attachment":[{"href":"https:\/\/www.nizatour.es\/ca\/wp-json\/wp\/v2\/media?parent=1094"}],"curies":[{"name":"wp","href":"https:\/\/api.w.org\/{rel}","templated":true}]}}